{"id":24245,"date":"2023-11-26T19:37:28","date_gmt":"2023-11-27T00:37:28","guid":{"rendered":"https:\/\/doctorados.uniandes.edu.co\/cursos-pi\/"},"modified":"2023-11-28T08:11:06","modified_gmt":"2023-11-28T13:11:06","slug":"cursos-pi","status":"publish","type":"page","link":"https:\/\/doctorados.uniandes.edu.co\/en\/cursos-pi\/","title":{"rendered":"Cursos Pi"},"content":{"rendered":"<div class=\"wpb-content-wrapper\"><section data-vc-full-width=\"true\" data-vc-full-width-init=\"false\" data-vc-stretch-content=\"true\" class=\"vc_row wpb_row vc_row-fluid  vc_custom_1701644277483 wow fadeIn vc_row-has-fill pofo-stretch-content pofo-row-responsive-69d44af0ed066\"><div class=\"wpb_column vc_column_container vc_col-sm-12  col-xs-mobile-fullwidth pofo-column-responsive-69d44af0ed15a\"><div class=\"vc_column-inner \"><div class=\"wpb_wrapper\"><div class=\"vc_row wpb_row vc_inner vc_row-fluid  vc_custom_1701644289892\"><div class=\"wpb_column vc_column_container vc_col-sm-1 vc_col-md-3 vc_hidden-xs col-xs-mobile-fullwidth\"><div class=\"vc_column-inner vc_custom_1698898790988\"><div class=\"wpb_wrapper\"><\/div><\/div><\/div><div class=\"wpb_column vc_column_container vc_col-sm-10 vc_col-md-6 col-xs-mobile-fullwidth text-center\"><div class=\"vc_column-inner vc_custom_1698898783023\"><div class=\"wpb_wrapper\"><div class=\"last-paragraph-no-margin\" style=\"color: #1e73be;\"><h3 style=\"text-align: center;\"><span style=\"color: #ffffff;\">Cursos Pi<\/span><\/h3>\n<h4><span style=\"color: #ffcc00;\">|Investigaci\u00f3n- creaci\u00f3n|<\/span><\/h4>\n<\/div><\/div><\/div><\/div><div class=\"wpb_column vc_column_container vc_col-sm-1 vc_col-md-3 vc_hidden-xs col-xs-mobile-fullwidth\"><div class=\"vc_column-inner vc_custom_1698898776222\"><div class=\"wpb_wrapper\"><\/div><\/div><\/div><\/div><div class=\"vc_row wpb_row vc_inner vc_row-fluid  vc_custom_1701644297175\"><div class=\"wpb_column vc_column_container vc_col-sm-12  col-xs-mobile-fullwidth\"><div class=\"vc_column-inner \"><div class=\"wpb_wrapper\"><div class=\"last-paragraph-no-margin\"><div class=\"uk-margin\">\n<p style=\"text-align: left;\"><span style=\"color: #ffffff;\">*Actualmente en actualizaci\u00f3n y redefinici\u00f3n<\/span><\/p>\n<p><span style=\"color: #ffffff;\">Los cursos con \u00e9nfasis investigativo-creativo, llamados cursos\u00a0<strong>\u03c0\u00a0<\/strong>(Pi), buscan fomentar competencias asociadas a la investigaci\u00f3n y creaci\u00f3n durante el pregrado en el contexto de &#8216;aprender haciendo&#8217; al brindarle a los estudiantes de pregrado un espacio acad\u00e9mico en el que puedan adquirir herramientas b\u00e1sicas en investigaci\u00f3n | creaci\u00f3n durante el desarrollo de su carrera, que contribuyan a su formaci\u00f3n profesional con el apoyo de un estudiante doctoral.<\/span><\/p>\n<p><span style=\"color: #ffffff;\">Los Cursos Pi, buscan formalizar el componente investigativo &#8211; creativo en cursos actuales de los programas de pregrado con la compa\u00f1\u00eda de un estudiante doctoral como tutor. Este estudiante, beneficiario del Apoyo financiero Condonable-Contingente de la Universidad, ayudar\u00e1 al profesor en el proceso de la elaboraci\u00f3n de sesiones y actividades de investigaci\u00f3n \u2013 creaci\u00f3n b\u00e1sicas o aplicadas, har\u00e1 un acompa\u00f1amiento a los estudiantes durante el semestre y ayudar\u00e1 a proveer retroalimentaci\u00f3n de las actividades.<\/span><\/p>\n<p><span style=\"color: #ffffff;\">Los estudiantes doctorales, se han convertido en un puente que facilita la comunicaci\u00f3n entre el profesor y los estudiantes de pregrado. Y los estudiantes de pregrado han empezado a generar sus primeras publicaciones y creaciones que a futuro las compartiremos en un blog que estar\u00e1 ligado a los Cursos Pi.<\/span><\/p>\n<p><span style=\"color: #ffffff;\">Los invitamos a conocer los videos asociados a los Cursos Pi, y los testimonios de profesores, tutores y estudiantes.<\/span><\/p>\n<\/div>\n<\/div><\/div><\/div><\/div><\/div><div class=\"vc_row wpb_row vc_inner vc_row-fluid\"><div class=\"wpb_column vc_column_container vc_col-sm-4  col-xs-mobile-fullwidth\"><div class=\"vc_column-inner \"><div class=\"wpb_wrapper\">[vc_video link=&#8221;https:\/\/youtu.be\/YsKL8PI-hmQ&#8221;]<div class=\" vc_custom_1719443483396 last-paragraph-no-margin\"><p><span style=\"color: #ffffff;\">Silvia Restrepo, vicerrectora de Investigaci\u00f3n y Creaci\u00f3n nos cuenta qu\u00e9 son y de qu\u00e9 se tratan los Cursos Pi, y c\u00f3mo estos buscan fomentar las competencias de investigaci\u00f3n en los estudiantes de pregrado a trav\u00e9s de un proceso de &#8216;aprender haciendo&#8217; para adquirir herramientas b\u00e1sicas en investigaci\u00f3n &#8211; creaci\u00f3n durante el desarrollo de su carrera, que contribuyan a su formaci\u00f3n profesional.<\/span><\/p>\n<\/div><\/div><\/div><\/div><div class=\"wpb_column vc_column_container vc_col-sm-4  col-xs-mobile-fullwidth\"><div class=\"vc_column-inner \"><div class=\"wpb_wrapper\">[vc_video link=&#8221;https:\/\/youtu.be\/xBNxEVdq8kg&#8221;]<div class=\" vc_custom_1719443489814 last-paragraph-no-margin\"><p><span style=\"color: #ffffff;\">Durante tu proceso de formaci\u00f3n y aprendizaje en investigaci\u00f3n es importante que conozcas todos los aspectos \u00e9ticos y las buenas pr\u00e1cticas a la hora de investigar. En el curso con Manuela Fern\u00e1ndez, profesora Asociada del Departamento de Filosof\u00eda y del Centro de \u00c9tica Aplicada, conoceras todo lo relacionado con la \u00e9tica en la investigaci\u00f3n.<\/span><\/p>\n<\/div><\/div><\/div><\/div><div class=\"wpb_column vc_column_container vc_col-sm-4  col-xs-mobile-fullwidth\"><div class=\"vc_column-inner \"><div class=\"wpb_wrapper\">[vc_video link=&#8221;https:\/\/youtu.be\/5qhDyXNPKkw&#8221;]<div class=\" vc_custom_1719443497295 last-paragraph-no-margin\"><p><span style=\"color: #ffffff;\">&#8220;Los cursos con educaci\u00f3n en investigaci\u00f3n ofrecen a los estudiantes de pregrado una aproximaci\u00f3n al m\u00e9todo cient\u00edfico, al rigor con que se llevan a cabo las investigaciones. Adem\u00e1s en estos cursos se fortalece el pensamiento cr\u00edtico y orden l\u00f3gico en la resoluci\u00f3n de problemas&#8221;. Ver\u00f3nica Akle, profesora asociada, Facultad de Medicina.<\/span><\/p>\n<\/div><\/div><\/div><\/div><\/div><\/div><\/div><\/div><\/section><div class=\"vc_row-full-width vc_clearfix\"><\/div><section class=\"vc_row wpb_row vc_row-fluid  vc_custom_1701034538747\"><div class=\"wpb_column vc_column_container vc_col-sm-12  col-xs-mobile-fullwidth\"><div class=\"vc_column-inner \"><div class=\"wpb_wrapper\"><div class=\"position-relative overflow-hidden width-100\"><h4 class=\"margin-100px-bottom xs-margin-40px-bottom font-weight-600 display-inline-block alt-font text-small text-outside-line-full heading-style5  vc_custom_1701045572215  heading-1\"  style=\"font-size: 24px; color: #1e73be;\" data-fontsize=\"24px\">Testimonios de profesores y estudiantes<\/h4><\/div><\/div><\/div><\/div><\/section><section class=\"vc_row wpb_row vc_row-fluid  vc_custom_1701034538747\"><div class=\"wpb_column vc_column_container vc_col-sm-3  col-xs-mobile-fullwidth\"><div class=\"vc_column-inner \"><div class=\"wpb_wrapper\">[vc_single_image image=&#8221;24173&#8243; img_size=&#8221;full&#8221; alignment=&#8221;center&#8221;]<\/div><\/div><\/div><div class=\"wpb_column vc_column_container vc_col-sm-3  col-xs-mobile-fullwidth\"><div class=\"vc_column-inner \"><div class=\"wpb_wrapper\">[vc_single_image image=&#8221;24175&#8243; img_size=&#8221;full&#8221;]<\/div><\/div><\/div><div class=\"wpb_column vc_column_container vc_col-sm-3  col-xs-mobile-fullwidth\"><div class=\"vc_column-inner \"><div class=\"wpb_wrapper\">[vc_single_image image=&#8221;24177&#8243; img_size=&#8221;full&#8221;]<\/div><\/div><\/div><div class=\"wpb_column vc_column_container vc_col-sm-3  col-xs-mobile-fullwidth\"><div class=\"vc_column-inner \"><div class=\"wpb_wrapper\">[vc_single_image image=&#8221;24179&#8243; img_size=&#8221;full&#8221;]<\/div><\/div><\/div><\/section><section class=\"vc_row wpb_row vc_row-fluid  vc_custom_1701034538747\"><div class=\"wpb_column vc_column_container vc_col-sm-3  col-xs-mobile-fullwidth\"><div class=\"vc_column-inner \"><div class=\"wpb_wrapper\">[vc_single_image image=&#8221;24181&#8243; img_size=&#8221;full&#8221; alignment=&#8221;center&#8221;]<\/div><\/div><\/div><div class=\"wpb_column vc_column_container vc_col-sm-3  col-xs-mobile-fullwidth\"><div class=\"vc_column-inner \"><div class=\"wpb_wrapper\">[vc_single_image image=&#8221;24183&#8243; img_size=&#8221;full&#8221;]<\/div><\/div><\/div><div class=\"wpb_column vc_column_container vc_col-sm-3  col-xs-mobile-fullwidth\"><div class=\"vc_column-inner \"><div class=\"wpb_wrapper\">[vc_single_image image=&#8221;24185&#8243; img_size=&#8221;full&#8221;]<\/div><\/div><\/div><div class=\"wpb_column vc_column_container vc_col-sm-3  col-xs-mobile-fullwidth\"><div class=\"vc_column-inner \"><div class=\"wpb_wrapper\">[vc_single_image image=&#8221;24187&#8243; img_size=&#8221;full&#8221;]<\/div><\/div><\/div><\/section><section class=\"vc_row wpb_row vc_row-fluid  vc_custom_1701034699657\"><div class=\"wpb_column vc_column_container vc_col-sm-12  col-xs-mobile-fullwidth\"><div class=\"vc_column-inner \"><div class=\"wpb_wrapper\"><div class=\"position-relative overflow-hidden width-100\"><h4 class=\"margin-100px-bottom xs-margin-40px-bottom font-weight-600 display-inline-block alt-font text-small text-outside-line-full heading-style5  vc_custom_1719443515792  heading-2\"  style=\"font-size: 24px; color: #374b9a;\" data-fontsize=\"24px\">Postulaci\u00f3n de cursos para Cursos Pi<\/h4><\/div><div class=\"last-paragraph-no-margin\"><p>Para tener un curso como &#8216;Curso Pi&#8217; se deben seguir estos pasos:<\/p>\n<ol>\n<li>El profesor del curso que est\u00e1 interesado en tener su curso como Tipo PI debe enviar, 3 meses antes del inicio de clases, a\u00a0<span id=\"cloakf12965d1fe1f4bfd728dc69fd86d3c27\"><a href=\"mailto:inv-doctorado@uniandes.edu.co\">inv-doctorado@uniandes.edu.co<\/a><\/span>\u00a0el siguiente formato (ac\u00e1 poner un link donde puedan descargar el formato) con toda la informaci\u00f3n del curso.<\/li>\n<li>La informaci\u00f3n de los cursos se le compartir\u00e1 a los estudiantes doctorales beneficiarios del Apoyo Condonable-Contingente<\/li>\n<li>Los estudiantes doctorales beneficiarios del Apoyo Condonable-Contingente indicar\u00e1n el\/los cursos de inter\u00e9s para ser tutores, diligenciando informaci\u00f3n asociada al programa doctoral, tema de la tesis y raz\u00f3n por la cual le interesa ser tutor del curso<\/li>\n<li>Los estudiante que hayan indicado inter\u00e9s en los cursos, se le enviar\u00e1 a los profesores de cada curso<\/li>\n<li>El\/los profesores del curso selecciona al estudiante doctoral \u2013 tutor del Curso Pi<\/li>\n<li>Se establece unos compromisos espec\u00edficos para el curso que incluye\n<ul>\n<li>Estudiante doctora debe tomar el modulo\/curso de pedagogia<\/li>\n<li>Estudiante doctora debe asistir al taller sobre \u00e9tica de la investigaci\u00f3n<\/li>\n<li>Acompa\u00f1amiento a los estudiantes de pregrado en el desarrollo de los productos de investigaci\u00f3n-creaci\u00f3n del curso<\/li>\n<li>Un taller\/charla sobre \u00e9tica de la investigaci\u00f3n para los estudiantes de pregrado<\/li>\n<\/ul>\n<\/li>\n<li>El estudiante doctoral firma carta de compromiso<\/li>\n<li>Los cursos son enviados a Admisiones y Registro para que queden registrados como tipo PI en banner<\/li>\n<\/ol>\n<p><strong>Nota: los estudiantes doctorales beneficiarios del Apoyo Condonable-Contingente son tutores de los cursos PI, no son Asistentes Graduados.<\/strong><\/p>\n<\/div><\/div><\/div><\/div><\/section><section class=\"vc_row wpb_row vc_row-fluid  vc_custom_1719443841444\"><div class=\"wpb_column vc_column_container vc_col-sm-12  col-xs-mobile-fullwidth\"><div class=\"vc_column-inner \"><div class=\"wpb_wrapper\"><div class=\"position-relative overflow-hidden width-100\"><h4 class=\"margin-100px-bottom xs-margin-40px-bottom font-weight-600 display-inline-block alt-font text-small text-outside-line-full heading-style5  vc_custom_1719443531227  heading-3\"  style=\"font-size: 24px; color: #374b9a;\" data-fontsize=\"24px\">Productos asociados a Cursos Pi<\/h4><\/div><\/div><\/div><\/div><\/section><section class=\"vc_row wpb_row vc_row-fluid  vc_custom_1719443858914\"><div class=\"wpb_column vc_column_container vc_col-sm-6  col-xs-mobile-fullwidth\"><div class=\"vc_column-inner \"><div class=\"wpb_wrapper\"><div class=\"last-paragraph-no-margin\"><p>BIODESIGN CHALLENGE<\/p>\n<div class=\"el-meta uk-margin uk-text-muted\">2019 &#8211; I a 2021 &#8211; I<\/div>\n<div class=\"el-content uk-margin\">ARQUITECTURA Y DISE\u00d1O<br \/>\n<strong>GIOVANNA DANIES Y\u00a0CAROLINA OBREG\u00d3N<\/strong><\/div>\n<\/div><ul class=\"no-padding list-style-10 list-style2-1 \"><li><i class=\"fa-solid fa-arrow-right text-extra-dark-gray\" aria-hidden=\"true\"><\/i><span>VINK<\/span><\/li><\/ul><\/div><\/div><\/div><div class=\"wpb_column vc_column_container vc_col-sm-6  col-xs-mobile-fullwidth\"><div class=\"vc_column-inner \"><div class=\"wpb_wrapper\"><div class=\"last-paragraph-no-margin\"><p>OPCI\u00d3N DE GRADO SEMINARIO<\/p>\n<div class=\"el-meta uk-margin uk-text-muted\">2019 &#8211; II a 2021 &#8211; I<\/div>\n<div class=\"el-content uk-margin\">ADMINISTRACI\u00d3N<br \/>\nLUZ MARINA FERRO<\/div>\n<\/div><\/div><\/div><\/div><\/section><!--9618a--><!--9618a--><\/p>\n<\/div>","protected":false},"excerpt":{"rendered":"Cursos Pi |Investigaci\u00f3n- creaci\u00f3n| *Actualmente en actualizaci\u00f3n y redefinici\u00f3n Los cursos con \u00e9nfasis investigativo-creativo, llamados cursos\u00a0\u03c0\u00a0(Pi), buscan fomentar competencias asociadas a la investigaci\u00f3n y creaci\u00f3n durante el pregrado en el contexto de 'aprender haciendo' al brindarle a los estudiantes de pregrado un espacio acad\u00e9mico en el que puedan adquirir herramientas b\u00e1sicas en investigaci\u00f3n | creaci\u00f3n durante el desarrollo de su carrera, que contribuyan a su formaci\u00f3n profesional con el apoyo de un estudiante doctoral. Los Cursos Pi, buscan formalizar el componente investigativo - creativo en cursos actuales de los programas de pregrado con la compa\u00f1\u00eda de un estudiante doctoral como tutor. Este estudiante, beneficiario del Apoyo financiero Condonable-Contingente de la Universidad, ayudar\u00e1 al profesor en el proceso de la elaboraci\u00f3n de sesiones y actividades de investigaci\u00f3n \u2013 creaci\u00f3n b\u00e1sicas o aplicadas, har\u00e1 un acompa\u00f1amiento a los estudiantes durante el semestre y ayudar\u00e1 a proveer retroalimentaci\u00f3n de las actividades. Los estudiantes doctorales, se han convertido en un puente que facilita la comunicaci\u00f3n entre el profesor y los estudiantes de pregrado. Y los estudiantes de pregrado han empezado a generar sus primeras publicaciones y creaciones que a futuro las compartiremos en un blog que estar\u00e1 ligado a los Cursos Pi. Los invitamos...","protected":false},"author":1,"featured_media":0,"parent":0,"menu_order":0,"comment_status":"closed","ping_status":"closed","template":"","meta":{"footnotes":""},"class_list":["post-24245","page","type-page","status-publish","hentry"],"featured_image_src":null,"_links":{"self":[{"href":"https:\/\/doctorados.uniandes.edu.co\/en\/wp-json\/wp\/v2\/pages\/24245","targetHints":{"allow":["GET"]}}],"collection":[{"href":"https:\/\/doctorados.uniandes.edu.co\/en\/wp-json\/wp\/v2\/pages"}],"about":[{"href":"https:\/\/doctorados.uniandes.edu.co\/en\/wp-json\/wp\/v2\/types\/page"}],"author":[{"embeddable":true,"href":"https:\/\/doctorados.uniandes.edu.co\/en\/wp-json\/wp\/v2\/users\/1"}],"replies":[{"embeddable":true,"href":"https:\/\/doctorados.uniandes.edu.co\/en\/wp-json\/wp\/v2\/comments?post=24245"}],"version-history":[{"count":2,"href":"https:\/\/doctorados.uniandes.edu.co\/en\/wp-json\/wp\/v2\/pages\/24245\/revisions"}],"predecessor-version":[{"id":24247,"href":"https:\/\/doctorados.uniandes.edu.co\/en\/wp-json\/wp\/v2\/pages\/24245\/revisions\/24247"}],"wp:attachment":[{"href":"https:\/\/doctorados.uniandes.edu.co\/en\/wp-json\/wp\/v2\/media?parent=24245"}],"curies":[{"name":"wp","href":"https:\/\/api.w.org\/{rel}","templated":true}]}}