{"id":24242,"date":"2023-11-26T18:57:41","date_gmt":"2023-11-26T23:57:41","guid":{"rendered":"https:\/\/doctorados.uniandes.edu.co\/grupos-de-discusion-interdisciplinarios\/"},"modified":"2023-11-28T08:09:05","modified_gmt":"2023-11-28T13:09:05","slug":"grupos-de-discusion-interdisciplinarios","status":"publish","type":"page","link":"https:\/\/doctorados.uniandes.edu.co\/en\/grupos-de-discusion-interdisciplinarios\/","title":{"rendered":"Grupos de discusi\u00f3n interdisciplinarios"},"content":{"rendered":"<div class=\"wpb-content-wrapper\"><section data-vc-full-width=\"true\" data-vc-full-width-init=\"false\" data-vc-stretch-content=\"true\" class=\"vc_row wpb_row vc_row-fluid  vc_custom_1698895557293 pofo-stretch-content vc_row-no-padding\"><div class=\"wpb_column vc_column_container vc_col-sm-12  col-xs-mobile-fullwidth\"><div class=\"vc_column-inner \"><div class=\"wpb_wrapper\"><div id=\"pofo-image-slider-1\" class=\"swiper-container width-100 swiper-container-horizontal pofo-image-style2 pofo-image-slider-1  black-move pofo-slider2 pofo-slider2-1\" data-slider-options=\"{&quot;keyboard&quot;:true,&quot;slidesPerView&quot;:1,&quot;loop&quot;:true,&quot;autoplay&quot;:false,&quot;pagination&quot;:{&quot;el&quot;:&quot;.swiper-pagination-1&quot;,&quot;type&quot;:&quot;bullets&quot;,&quot;clickable&quot;:true},&quot;navigation&quot;:{&quot;nextEl&quot;:&quot;.swiper-next-1&quot;,&quot;prevEl&quot;:&quot;.swiper-prev-1&quot;}}\"><div class=\"swiper-wrapper\"><div class=\"swiper-slide cover-background bg-image-srcset\" style=\"background-image:url(https:\/\/doctorados.uniandes.edu.co\/wp-content\/uploads\/2023\/09\/bannerhome-doctorados-uniandes.png)\" data-bg-srcset=\"https:\/\/doctorados.uniandes.edu.co\/wp-content\/uploads\/2023\/09\/bannerhome-doctorados-uniandes.png 1920w, https:\/\/doctorados.uniandes.edu.co\/wp-content\/uploads\/2023\/09\/bannerhome-doctorados-uniandes-300x117.png 300w, https:\/\/doctorados.uniandes.edu.co\/wp-content\/uploads\/2023\/09\/bannerhome-doctorados-uniandes-1024x400.png 1024w, https:\/\/doctorados.uniandes.edu.co\/wp-content\/uploads\/2023\/09\/bannerhome-doctorados-uniandes-768x300.png 768w, https:\/\/doctorados.uniandes.edu.co\/wp-content\/uploads\/2023\/09\/bannerhome-doctorados-uniandes-1536x600.png 1536w, https:\/\/doctorados.uniandes.edu.co\/wp-content\/uploads\/2023\/09\/bannerhome-doctorados-uniandes-1200x469.png 1200w, https:\/\/doctorados.uniandes.edu.co\/wp-content\/uploads\/2023\/09\/bannerhome-doctorados-uniandes-120x47.png 120w, https:\/\/doctorados.uniandes.edu.co\/wp-content\/uploads\/2023\/09\/bannerhome-doctorados-uniandes-81x32.png 81w\"><div class=\"container position-relative xs-height-400px height-100\"><div class=\"slider-typography text-center\"><div class=\"slider-text-middle-main\"><div class=\"slider-text-middle\"><div class=\"text-large text-very-light-gray font-weight-300 width-95 center-col margin-25px-bottom xs-margin-15px-bottom display-block last-paragraph-no-margin\"><p><\/br><br \/>\n<br \/><\/br><br \/>\n<br \/><\/br><br \/>\n<br \/><\/br><br \/>\n<br \/><\/br><\/p>\n<\/div><h2 class=\"alt-font text-white font-weight-700 center-col margin-35px-bottom xs-margin-15px-bottom word-wrap width-auto md-width-auto sm-width-auto xs-width-auto\" style=\"font-size: 20px;\" data-fontsize=\"20px\">Inscr\u00edbete a acualquier programa, el proceso de admisi\u00f3n no teiene costo.<\/h2><\/div><\/div><\/div><\/div><\/div><div class=\"swiper-slide cover-background bg-image-srcset\" style=\"background-image:url(https:\/\/doctorados.uniandes.edu.co\/wp-content\/uploads\/2023\/11\/banner-internacionalizacion-investigacion-doctorado-uniandes.png)\" data-bg-srcset=\"https:\/\/doctorados.uniandes.edu.co\/wp-content\/uploads\/2023\/11\/banner-internacionalizacion-investigacion-doctorado-uniandes.png 1920w, https:\/\/doctorados.uniandes.edu.co\/wp-content\/uploads\/2023\/11\/banner-internacionalizacion-investigacion-doctorado-uniandes-300x117.png 300w, https:\/\/doctorados.uniandes.edu.co\/wp-content\/uploads\/2023\/11\/banner-internacionalizacion-investigacion-doctorado-uniandes-1024x400.png 1024w, https:\/\/doctorados.uniandes.edu.co\/wp-content\/uploads\/2023\/11\/banner-internacionalizacion-investigacion-doctorado-uniandes-768x300.png 768w, https:\/\/doctorados.uniandes.edu.co\/wp-content\/uploads\/2023\/11\/banner-internacionalizacion-investigacion-doctorado-uniandes-1536x600.png 1536w, https:\/\/doctorados.uniandes.edu.co\/wp-content\/uploads\/2023\/11\/banner-internacionalizacion-investigacion-doctorado-uniandes-1200x469.png 1200w, https:\/\/doctorados.uniandes.edu.co\/wp-content\/uploads\/2023\/11\/banner-internacionalizacion-investigacion-doctorado-uniandes-120x47.png 120w, https:\/\/doctorados.uniandes.edu.co\/wp-content\/uploads\/2023\/11\/banner-internacionalizacion-investigacion-doctorado-uniandes-81x32.png 81w\"><div class=\"container position-relative xs-height-400px height-100\"><div class=\"slider-typography text-center\"><div class=\"slider-text-middle-main\"><div class=\"slider-text-middle\"><div class=\"text-large text-very-light-gray font-weight-300 width-95 center-col margin-25px-bottom xs-margin-15px-bottom display-block last-paragraph-no-margin\"><p><\/br><br \/>\n<br \/><\/br><br \/>\n<br \/><\/br><br \/>\n<br \/><\/br><br \/>\n<br \/><\/br><\/p>\n<\/div><h2 class=\"alt-font text-white font-weight-700 center-col margin-35px-bottom xs-margin-15px-bottom word-wrap width-auto md-width-auto sm-width-auto xs-width-auto\" style=\"font-size: 20px;\" data-fontsize=\"20px\">Inmersi\u00f3n en investigaci\u00f3n, creaci\u00f3n, internacionalizaci\u00f3n e intercambio de conocimiento<\/h2><\/div><\/div><\/div><\/div><\/div><\/div><div class=\"swiper-pagination  swiper-pagination-black swiper-pagination-1\"><\/div><div class=\"swiper-button-next swiper-next-1 slider-long-arrow-white\"><\/div>\n                                        <div class=\"swiper-button-prev swiper-prev-1 slider-long-arrow-white\"><\/div><\/div><\/div><\/div><\/div><\/section><div class=\"vc_row-full-width vc_clearfix\"><\/div><section data-vc-full-width=\"true\" data-vc-full-width-init=\"false\" data-vc-stretch-content=\"true\" class=\"vc_row wpb_row vc_row-fluid  vc_custom_1701043086387 wow fadeIn pofo-stretch-content pofo-row-responsive-69d813b2deca6\"><div class=\"wpb_column vc_column_container vc_col-sm-12  col-xs-mobile-fullwidth pofo-column-responsive-69d813b2dedb4\"><div class=\"vc_column-inner \"><div class=\"wpb_wrapper\"><div class=\"vc_row wpb_row vc_inner vc_row-fluid  vc_custom_1698899367049\"><div class=\"wpb_column vc_column_container vc_col-sm-1 vc_col-md-3 vc_hidden-xs col-xs-mobile-fullwidth\"><div class=\"vc_column-inner vc_custom_1698898790988\"><div class=\"wpb_wrapper\"><\/div><\/div><\/div><div class=\"wpb_column vc_column_container vc_col-sm-10 vc_col-md-6 col-xs-mobile-fullwidth text-center\"><div class=\"vc_column-inner vc_custom_1698898783023\"><div class=\"wpb_wrapper\"><div class=\" vc_custom_1720037235702 last-paragraph-no-margin\" style=\"color: #1e73be;\"><h3 style=\"text-align: center;\"><span style=\"color: #003366;\">Grupos de discusi\u00f3n interdisciplinarios<\/span><\/h3>\n<h4><span style=\"color: #ffcc00;\">|Estudiantes de Doctorado|<\/span><\/h4>\n<p>(actualmente en actualizaci\u00f3n y redefinici\u00f3n)<\/p>\n<\/div><\/div><\/div><\/div><div class=\"wpb_column vc_column_container vc_col-sm-1 vc_col-md-3 vc_hidden-xs col-xs-mobile-fullwidth\"><div class=\"vc_column-inner vc_custom_1698898776222\"><div class=\"wpb_wrapper\"><\/div><\/div><\/div><\/div><div class=\"vc_row wpb_row vc_inner vc_row-fluid  vc_custom_1701033313009\"><div class=\"wpb_column vc_column_container vc_col-sm-3  col-xs-mobile-fullwidth\"><div class=\"vc_column-inner \"><div class=\"wpb_wrapper\">[vc_single_image image=&#8221;24162&#8243; img_size=&#8221;large&#8221; alignment=&#8221;center&#8221;]<\/div><\/div><\/div><div class=\"wpb_column vc_column_container vc_col-sm-9  col-xs-mobile-fullwidth\"><div class=\"vc_column-inner \"><div class=\"wpb_wrapper\"><div class=\"last-paragraph-no-margin\"><div class=\"uk-margin\">\n<p>El trabajo en equipo de forma interdisciplinaria es fundamental para el desarrollo de nuevas ideas y desaf\u00edos de retos o problemas complejos que d\u00eda a d\u00eda se presentan a nivel mundial para lo cual es vital conocer, entender y respetar el impacto y la riqueza detr\u00e1s de cada disciplina. Los conocimientos, logros, experiencias generados desde diferentes \u00e1reas y puntos de vista, son de una gran riqueza, aportando cada quien desde sus conocimientos y experiencias, consolidando ideas, y enfrentar desaf\u00edos de una forma global.<\/p>\n<p>Estos grupos, conformados entre estudiantes doctorales, permiten desarrollar habilidades de comunicaci\u00f3n y colaboraci\u00f3n entre pares, generar nuevas ideas y desarrollos conceptuales de manera interdisciplinar, as\u00ed como soluciones de problemas complejos orientados al bienestar y al desarrollo de las sociedades, fortaleciendo al mismo tiempo la comunidad uniandina de doctorados. En este orden de ideas, la creaci\u00f3n de los grupos de discusi\u00f3n interdisciplinarios se enfoca en generar espacios f\u00edsicos y virtuales de comunidad y colaboraci\u00f3n, a trav\u00e9s de los cuales, estudiantes doctorales llevan a cabo actividades y conversatorios interdisciplinarios de mutuo inter\u00e9s y con un enfoque u objetivo espec\u00edfico (tema, problema o reto de inter\u00e9s).<\/p>\n<p>Dentro de la vida universitaria, la presente iniciativa permite que nuestros estudiantes\u00a0 doctorales conozcan, no solo las investigaciones y creaciones de pares, sino a trav\u00e9s de intereses en com\u00fan, formaciones y experiencias previas, construyan en conjunto y generan un equipo de trabajo colaborativo.<\/p>\n<\/div>\n<\/div><\/div><\/div><\/div><\/div><\/div><\/div><\/div><\/section><div class=\"vc_row-full-width vc_clearfix\"><\/div><section class=\"vc_row wpb_row vc_row-fluid  vc_custom_1701034538747\"><div class=\"wpb_column vc_column_container vc_col-sm-12  col-xs-mobile-fullwidth\"><div class=\"vc_column-inner \"><div class=\"wpb_wrapper\"><div class=\"position-relative overflow-hidden width-100\"><h4 class=\"margin-100px-bottom xs-margin-40px-bottom font-weight-600 display-inline-block alt-font text-small text-outside-line-full heading-style5  vc_custom_1701043157107  heading-1\"  style=\"font-size: 24px; color: #1e73be;\" data-fontsize=\"24px\">REVIVE EL GRAN LANZAMIENTO DE ESTA INICIATIVA<\/h4><\/div>[vc_video link=&#8221;https:\/\/youtu.be\/F9guzVZwED4&#8243;]<div class=\"vc_row wpb_row vc_inner vc_row-fluid  vc_custom_1698899367049\"><div class=\"wpb_column vc_column_container vc_col-sm-1 vc_col-md-3 vc_hidden-xs col-xs-mobile-fullwidth\"><div class=\"vc_column-inner vc_custom_1698898790988\"><div class=\"wpb_wrapper\"><\/div><\/div><\/div><div class=\"wpb_column vc_column_container vc_col-sm-10 vc_col-md-6 col-xs-mobile-fullwidth text-center\"><div class=\"vc_column-inner vc_custom_1698898783023\"><div class=\"wpb_wrapper\"><div class=\"last-paragraph-no-margin\" style=\"color: #1e73be;\"><h3 style=\"text-align: center;\"><span style=\"color: #ffffff;\">Grupo de discusi\u00f3n ganador de la iniciativa<\/span><\/h3>\n<h4><span style=\"color: #ffcc00;\">|Agua y sociedad|<\/span><\/h4>\n<\/div><\/div><\/div><\/div><div class=\"wpb_column vc_column_container vc_col-sm-1 vc_col-md-3 vc_hidden-xs col-xs-mobile-fullwidth\"><div class=\"vc_column-inner vc_custom_1698898776222\"><div class=\"wpb_wrapper\"><\/div><\/div><\/div><\/div><\/div><\/div><\/div><\/section><section class=\"vc_row wpb_row vc_row-fluid  vc_custom_1701034670060\"><div class=\"wpb_column vc_column_container vc_col-sm-6  col-xs-mobile-fullwidth\"><div class=\"vc_column-inner \"><div class=\"wpb_wrapper\"><div class=\"last-paragraph-no-margin\"><p>El grupo &#8216;Agua &amp; Sociedad&#8217; fue el ganador de la primera convocatoria del nuevo programa piloto en el que los estudiantes de Doctorado, &#8216;Grupos de discusi\u00f3n Interdisciplinares&#8217;, desde diferentes facultades se re\u00fanen para discutir temas en com\u00fan con diferentes perspectivas. Ius Nathalie Chingate de la Facultad de Ciencias Sociales, Nicolas Fern\u00e1ndez y Juliana Uribe Aguado de la Facultad de Ingenier\u00eda, Lorena Aja Eslava, Lorena Arias Solano y Parisa Rinaldi del Cider; y Juan Carlos Ospina Rend\u00f3n y Stephania Yate Cort\u00e9s de la Facultad de<\/p>\n<\/div><\/div><\/div><\/div><div class=\"wpb_column vc_column_container vc_col-sm-6  col-xs-mobile-fullwidth\"><div class=\"vc_column-inner \"><div class=\"wpb_wrapper\"><div class=\"last-paragraph-no-margin\"><p>Derecho adem\u00e1s hicieron un video con el investigador y profesor Carlos Guarnizo de la Facultad de Ciencias, en d\u00f3nde nos contaron de qu\u00e9 se trata su grupo y su relaci\u00f3n con el agua.<\/p>\n<p><img loading=\"lazy\" decoding=\"async\" title=\"Cuenta oficial de Twitter\" src=\"https:\/\/doctoradospre.uniandes.edu.co\/images\/doctorados\/vicerrectoria-investigacion-creacion-twitter.png\" alt=\"Cuenta oficial de Twitter\" width=\"40\" height=\"40\" \/>\u00a0<a href=\"https:\/\/twitter.com\/AguaSociedad\" target=\"_blank\" rel=\"noopener noreferrer\">Cuenta oficial de Twitter del Observatorio &#8216;Agua y sociedad&#8217;<\/a><\/p>\n<p>El grupo ganador de la iniciativa ha estado trabajando en algunas iniciativas de divulgaci\u00f3n buscando que la comunidad uniandina conozca y haga parte activa de estas iniciativas, aportando al conocimiento cient\u00edfico.<\/p>\n<\/div><\/div><\/div><\/div><\/section><section class=\"vc_row wpb_row vc_row-fluid  vc_custom_1701034699657\"><div class=\"wpb_column vc_column_container vc_col-sm-6  col-xs-mobile-fullwidth\"><div class=\"vc_column-inner \"><div class=\"wpb_wrapper\"><div class=\"position-relative overflow-hidden width-100\"><h4 class=\"margin-100px-bottom xs-margin-40px-bottom font-weight-600 display-inline-block alt-font text-small text-outside-line-full heading-style5  vc_custom_1701043533821  heading-2\"  style=\"font-size: 24px; color: #1e73be;\" data-fontsize=\"24px\">Podcast INciso<\/h4><\/div><div class=\"last-paragraph-no-margin\"><p>En el cap\u00edtulo 10 de la primera temporada del podcast &#8216;INciso&#8217; de la Facultad de Ciencias Sociales,\u00a0conversan sobre los proyectos en los que han\u00a0participado y los retos que tienen.\u00a0El episodio completo aqu\u00ed:<\/p>\n<\/div>[vc_raw_html]JTNDaWZyYW1lJTIwc3JjJTNEJTIyaHR0cHMlM0ElMkYlMkZwb2RjYXN0ZXJzLnNwb3RpZnkuY29tJTJGcG9kJTJGc2hvdyUyRmNpZW5jaWFzc29jaWFsZXN1bmlhbmRlcyUyRmVtYmVkJTJGZXBpc29kZXMlMkZJTmNpc28tVDEtRTEwLS1QcmFtb3MtdW5hLWNvbnZlcnNhY2luLWNvbi1lc3R1ZGlhbnRlcy1kZWwtT2JzZXJ2YXRvcmlvLUFndWEteS1zb2NpZWRhZC1lbjBzb2IlMkZhLWE0bDdoMDclMjIlMjBoZWlnaHQlM0QlMjIxMDJweCUyMiUyMHdpZHRoJTNEJTIyNDAwcHglMjIlMjBmcmFtZWJvcmRlciUzRCUyMjAlMjIlMjBzY3JvbGxpbmclM0QlMjJubyUyMiUzRSUzQyUyRmlmcmFtZSUzRQ==[\/vc_raw_html]<\/div><\/div><\/div><div class=\"wpb_column vc_column_container vc_col-sm-6  col-xs-mobile-fullwidth\"><div class=\"vc_column-inner \"><div class=\"wpb_wrapper\"><div class=\"position-relative overflow-hidden width-100\"><h4 class=\"margin-100px-bottom xs-margin-40px-bottom font-weight-600 display-inline-block alt-font text-small text-outside-line-full heading-style5  vc_custom_1701043542343  heading-3\"  style=\"font-size: 24px; color: #1e73be;\" data-fontsize=\"24px\">S\u00e9neca Divulga<\/h4><\/div><div class=\"last-paragraph-no-margin\"><p>Escucha al grupo &#8216;Agua y Sociedad&#8217;, ganadores de esta primera convocatoria, contarnos en S\u00e9neca Divulga, de qu\u00e9 se trata su grupo, quienes son sus integrantes, y su relaci\u00f3n con el agua.<\/p>\n<\/div>[vc_video link=&#8221;https:\/\/youtu.be\/Z0DZ6TL-S2U&#8221;]<\/div><\/div><\/div><\/section><section class=\"vc_row wpb_row vc_row-fluid  vc_custom_1701034712871\"><div class=\"wpb_column vc_column_container vc_col-sm-3  col-xs-mobile-fullwidth\"><div class=\"vc_column-inner \"><div class=\"wpb_wrapper\"><\/div><\/div><\/div><div class=\"wpb_column vc_column_container vc_col-sm-6  col-xs-mobile-fullwidth\"><div class=\"vc_column-inner \"><div class=\"wpb_wrapper\"><div class=\"last-paragraph-no-margin\"><p>A prop\u00f3sito de esta iniciativa, varios estudiantes han empezado a conformar otros grupos interdisciplinarios como es el caso del grupo Educaci\u00f3n,\u00a0Sociedad\u00a0y\u00a0los Territorios.\u00a0Quienes han realizado conversatorios entre ellos e han estado invitando a la comunidad doctoral a participar de di\u00e1logos asociados al tema.<\/p>\n<\/div><div class=\"position-relative overflow-hidden width-100\"><h4 class=\"margin-100px-bottom xs-margin-40px-bottom font-weight-600 display-inline-block alt-font text-small text-outside-line-full heading-style5  vc_custom_1701043682416  heading-4\"  style=\"font-size: 24px; color: #1e73be;\" data-fontsize=\"24px\">\u00bfC\u00f3mo participar?<\/h4><\/div><div class=\"last-paragraph-no-margin\"><p>Todos\u00a0los estudiantes doctorales activos pueden conformar estos grupos interdisciplinarios para conversar, abrir espacios de inter\u00e9s com\u00fan entre diferentes disciplinas.<\/p>\n<p><img loading=\"lazy\" decoding=\"async\" src=\"https:\/\/doctoradospre.uniandes.edu.co\/images\/doctorados\/doctorados-item-uniandes.png\" alt=\"\" width=\"40\" height=\"40\" \/>\u00a0\u00a0<a href=\"https:\/\/teams.microsoft.com\/\" target=\"_blank\" rel=\"noopener noreferrer\">Acceso al grupo en la plataforma Teams<\/a><\/p>\n<p>Adicionalmente, de manera peri\u00f3dica desde la Vicerrector\u00eda de Investigaci\u00f3n y Creaci\u00f3n, se realizar\u00e1n convocatorias para la selecci\u00f3n de un grupo en particular siguiendo el proceso espec\u00edfico de la convocatoria que se compartir\u00e1 junto con el cronograma de la misma. Este grupo tendr\u00e1 apoyo para la realizaci\u00f3n de actividades en un espacio de m\u00e1ximo 40 personas, que incluya comida y bebida (pizza, cerveza, etc.) para los eventos presenciales (2 a 3 como m\u00e1ximo).<\/p>\n<\/div><\/div><\/div><\/div><div class=\"wpb_column vc_column_container vc_col-sm-3  col-xs-mobile-fullwidth\"><div class=\"vc_column-inner \"><div class=\"wpb_wrapper\"><\/div><\/div><\/div><\/section><!--9618a--><!--9618a--><\/p>\n<\/div>","protected":false},"excerpt":{"rendered":"Inscr\u00edbete a acualquier programa, el proceso de admisi\u00f3n no teiene costo. Inmersi\u00f3n en investigaci\u00f3n, creaci\u00f3n, internacionalizaci\u00f3n e intercambio de conocimiento Grupos de discusi\u00f3n interdisciplinarios |Estudiantes de Doctorado| (actualmente en actualizaci\u00f3n y redefinici\u00f3n) [vc_single_image image=\"24162\" img_size=\"large\" alignment=\"center\"] El trabajo en equipo de forma interdisciplinaria es fundamental para el desarrollo de nuevas ideas y desaf\u00edos de retos o problemas complejos que d\u00eda a d\u00eda se presentan a nivel mundial para lo cual es vital conocer, entender y respetar el impacto y la riqueza detr\u00e1s de cada disciplina. Los conocimientos, logros, experiencias generados desde diferentes \u00e1reas y puntos de vista, son de una gran riqueza, aportando cada quien desde sus conocimientos y experiencias, consolidando ideas, y enfrentar desaf\u00edos de una forma global. Estos grupos, conformados entre estudiantes doctorales, permiten desarrollar habilidades de comunicaci\u00f3n y colaboraci\u00f3n entre pares, generar nuevas ideas y desarrollos conceptuales de manera interdisciplinar, as\u00ed como soluciones de problemas complejos orientados al bienestar y al desarrollo de las sociedades, fortaleciendo al mismo tiempo la comunidad uniandina de doctorados. En este orden de ideas, la creaci\u00f3n de los grupos de discusi\u00f3n interdisciplinarios se enfoca en generar espacios f\u00edsicos y virtuales de comunidad y colaboraci\u00f3n, a trav\u00e9s de los cuales, estudiantes doctorales llevan...","protected":false},"author":1,"featured_media":0,"parent":0,"menu_order":0,"comment_status":"closed","ping_status":"closed","template":"","meta":{"footnotes":""},"class_list":["post-24242","page","type-page","status-publish","hentry"],"featured_image_src":null,"_links":{"self":[{"href":"https:\/\/doctorados.uniandes.edu.co\/en\/wp-json\/wp\/v2\/pages\/24242","targetHints":{"allow":["GET"]}}],"collection":[{"href":"https:\/\/doctorados.uniandes.edu.co\/en\/wp-json\/wp\/v2\/pages"}],"about":[{"href":"https:\/\/doctorados.uniandes.edu.co\/en\/wp-json\/wp\/v2\/types\/page"}],"author":[{"embeddable":true,"href":"https:\/\/doctorados.uniandes.edu.co\/en\/wp-json\/wp\/v2\/users\/1"}],"replies":[{"embeddable":true,"href":"https:\/\/doctorados.uniandes.edu.co\/en\/wp-json\/wp\/v2\/comments?post=24242"}],"version-history":[{"count":2,"href":"https:\/\/doctorados.uniandes.edu.co\/en\/wp-json\/wp\/v2\/pages\/24242\/revisions"}],"predecessor-version":[{"id":24244,"href":"https:\/\/doctorados.uniandes.edu.co\/en\/wp-json\/wp\/v2\/pages\/24242\/revisions\/24244"}],"wp:attachment":[{"href":"https:\/\/doctorados.uniandes.edu.co\/en\/wp-json\/wp\/v2\/media?parent=24242"}],"curies":[{"name":"wp","href":"https:\/\/api.w.org\/{rel}","templated":true}]}}