{"id":24230,"date":"2023-11-01T22:19:40","date_gmt":"2023-11-02T03:19:40","guid":{"rendered":"https:\/\/doctorados.uniandes.edu.co\/uniandes-en-el-mundo\/"},"modified":"2023-11-28T08:03:17","modified_gmt":"2023-11-28T13:03:17","slug":"uniandes-en-el-mundo","status":"publish","type":"page","link":"https:\/\/doctorados.uniandes.edu.co\/en\/uniandes-en-el-mundo\/","title":{"rendered":"Uniandes en el mundo"},"content":{"rendered":"<div class=\"wpb-content-wrapper\"><section class=\"vc_row wpb_row vc_row-fluid  vc_custom_1701643879018 wow fadeIn pofo-row-responsive-69e018331e687\"><div class=\"wpb_column vc_column_container vc_col-sm-12  col-xs-mobile-fullwidth pofo-column-responsive-69e018331e7ae\"><div class=\"vc_column-inner \"><div class=\"wpb_wrapper\"><div class=\"vc_row wpb_row vc_inner vc_row-fluid  vc_custom_1698899367049\"><div class=\"wpb_column vc_column_container vc_col-sm-1 vc_col-md-3 vc_hidden-xs col-xs-mobile-fullwidth\"><div class=\"vc_column-inner vc_custom_1698898790988\"><div class=\"wpb_wrapper\"><\/div><\/div><\/div><div class=\"wpb_column vc_column_container vc_col-sm-10 vc_col-md-6 col-xs-mobile-fullwidth text-center\"><div class=\"vc_column-inner vc_custom_1698898783023\"><div class=\"wpb_wrapper\"><div class=\"last-paragraph-no-margin\" style=\"color: #374b9a;\"><h3 style=\"text-align: center;\"><span style=\"color: #374b9a;\"><strong>| Uniandes en el mundo |<\/strong><\/span><\/h3>\n<h3 style=\"text-align: center;\"><span style=\"color: #374b9a;\">Pasant\u00edas<\/span><\/h3>\n<\/div><\/div><\/div><\/div><div class=\"wpb_column vc_column_container vc_col-sm-1 vc_col-md-3 vc_hidden-xs col-xs-mobile-fullwidth\"><div class=\"vc_column-inner vc_custom_1698898776222\"><div class=\"wpb_wrapper\"><\/div><\/div><\/div><\/div><\/div><\/div><\/div><\/section><section class=\"vc_row wpb_row vc_row-fluid  vc_custom_1698899593257\"><div class=\"wpb_column vc_column_container vc_col-sm-12  col-xs-mobile-fullwidth\"><div class=\"vc_column-inner \"><div class=\"wpb_wrapper\"><div class=\" vc_custom_1698899649854 last-paragraph-no-margin\"><div class=\"uk-grid-margin uk-grid uk-grid-stack\">\n<div class=\"uk-width-1-1@m uk-first-column\">\n<div class=\"uk-margin uk-text-justify\">\n<p>Las pasant\u00edas o estancias de investigaci\u00f3n-creaci\u00f3n como parte de la vida doctoral, constituyen una oportunidad de interactuar entre estudiantes nacionales o internacionales en una gran diversidad de aspectos, creando alianzas, grupos estudiantiles; intercambiando conocimiento, metodolog\u00edas, culturas, entre otros.<\/p>\n<\/div>\n<\/div>\n<\/div>\n<\/div><\/div><\/div><\/div><\/section><section class=\"vc_row wpb_row vc_row-fluid  vc_custom_1698900070637 vc_column-gap-20\"><div class=\"wpb_column vc_column_container vc_col-sm-6  col-xs-mobile-fullwidth\"><div class=\"vc_column-inner \"><div class=\"wpb_wrapper\"><div class=\"last-paragraph-no-margin\"><p><span style=\"color: #374b9a;\"><strong>PASANTIAS SALIENTES (OUTGOING)<\/strong><\/span><\/p>\n<p>&nbsp;<\/p>\n<div class=\"uk-margin uk-text-justify\">\n<p>Todo estudiante doctoral de la Universidad de los Andes debe realizar una pasant\u00eda durante su doctorado de m\u00ednimo 16 semanas de forma intermitente o continua. Estas pasant\u00edas pueden ser nacionales o internacionales con aval del director y del comit\u00e9 de doctorado de cada programa o facultad.<\/p>\n<p>Si eres estudiante doctoral de\u00a0la Universidad de los Andes puedes consultar con tu\u00a0<strong><a href=\"https:\/\/doctoradospre.uniandes.edu.co\/programas\">programa doctoral<\/a>\u00a0<\/strong>el procedimiento de aprobaci\u00f3n de las pasant\u00edas.<\/p>\n<\/div>\n<\/div><\/div><\/div><\/div><div class=\"wpb_column vc_column_container vc_col-sm-6  col-xs-mobile-fullwidth\"><div class=\"vc_column-inner \"><div class=\"wpb_wrapper\"><div class=\"last-paragraph-no-margin\"><p><span style=\"color: #374b9a;\"><strong>PASANTIAS\u00a0ENTRANTES (INCOMING)<\/strong><\/span><\/p>\n<p>&nbsp;<\/p>\n<div class=\"uk-margin uk-text-justify\">\n<p>Los estudiantes doctorales de universidades externas\u00a0son bienvenidos a\u00a0la Universidad de los Andes para vivir una experiencia inolvidable en el campus, conectar con\u00a0nuevas personas de diferentes partes, con diversas culturas y compartir diferentes\u00a0vivencias.<\/p>\n<p>Si eres estudiante doctoral de una universidad externa a Uniandes, y deseas realizar tu pasant\u00eda en la Universidad de los Andes, puedes contactar a:<br \/>\n<span id=\"cloakc7531b5f58616598d8777ab4cb217e53\"><a href=\"mailto:oiaincoming@uniandes.edu.co\">oiaincoming@uniandes.edu.co<\/a><\/span>,\u00a0<span id=\"cloak764879ebda0387027884d276c9dec192\"><a href=\"mailto:oiamobility@uniandes.edu.co\">oiamobility@uniandes.edu.co<\/a><\/span><\/p>\n<\/div>\n<\/div><\/div><\/div><\/div><\/section><section class=\"vc_row wpb_row vc_row-fluid  vc_custom_1698900245100\"><div class=\"wpb_column vc_column_container vc_col-sm-6  col-xs-mobile-fullwidth\"><div class=\"vc_column-inner \"><div class=\"wpb_wrapper\">[vc_raw_html]JTNDaWZyYW1lJTIwd2lkdGglM0QlMjI5NjAlMjIlMjBoZWlnaHQlM0QlMjIzNzUlMjIlMjBkYXRhLW9yaWdpbmFsLXdpZHRoJTNEJTIyMTkyMCUyMiUyMGRhdGEtb3JpZ2luYWwtaGVpZ2h0JTNEJTIyNzUwJTIyJTIwc3JjJTNEJTIyaHR0cHMlM0ElMkYlMkZ3d3cudGhpbmdsaW5rLmNvbSUyRnZpZXclMkZzY2VuZSUyRjE3NzY3MzA3MjcyODM0MjYxNDglMjIlMjB0eXBlJTNEJTIydGV4dCUyRmh0bWwlMjIlMjBzdHlsZSUzRCUyMmJvcmRlciUzQSUyMG5vbmUlM0IlMjIlMjB3ZWJraXRhbGxvd2Z1bGxzY3JlZW4lMjBtb3phbGxvd2Z1bGxzY3JlZW4lMjBhbGxvd2Z1bGxzY3JlZW4lMjBzY3JvbGxpbmclM0QlMjJubyUyMiUzRSUzQyUyRmlmcmFtZSUzRSUzQ3NjcmlwdCUyMGFzeW5jJTIwc3JjJTNEJTIyJTJGJTJGY2RuLnRoaW5nbGluay5tZSUyRmpzZSUyRnJlc3BvbnNpdmUuanMlMjIlM0UlM0MlMkZzY3JpcHQlM0U=[\/vc_raw_html]<div class=\"last-paragraph-no-margin\"><p style=\"text-align: right;\">Datos actualizados a diciembre 2023<\/p>\n<\/div><\/div><\/div><\/div><div class=\"wpb_column vc_column_container vc_col-sm-6  col-xs-mobile-fullwidth\"><div class=\"vc_column-inner \"><div class=\"wpb_wrapper\">[vc_single_image image=&#8221;24713&#8243; img_size=&#8221;medium&#8221; alignment=&#8221;center&#8221;]<\/div><\/div><\/div><\/section><section data-vc-full-width=\"true\" data-vc-full-width-init=\"false\" data-vc-stretch-content=\"true\" class=\"vc_row wpb_row vc_row-fluid  vc_custom_1719442200218 vc_row-has-fill pofo-stretch-content vc_row-no-padding\"><div class=\"wpb_column vc_column_container vc_col-sm-12  col-xs-mobile-fullwidth\"><div class=\"vc_column-inner \"><div class=\"wpb_wrapper\"><div class=\" vc_custom_1719442302339 last-paragraph-no-margin\"><p style=\"text-align: center;\"><em><span style=\"color: #ffffff;\"><strong>Direcci\u00f3n de internacionalizaci\u00f3n<br \/>\n<\/strong><a style=\"color: #ffffff;\" href=\"https:\/\/internacionalizacion.uniandes.edu.co\/\"><strong>https:\/\/internacionalizacion.uniandes.edu.co<\/strong><br \/>\n<\/a>Ac\u00e1 podr\u00e1s conseguir informaci\u00f3n sobre Movilidad Acad\u00e9mica, Cooperaci\u00f3n para la Investigaci\u00f3n, Socios y Relacionamiento, Redes interinstitucionales<\/span><\/em><\/p>\n<\/div><\/div><\/div><\/div><\/section><div class=\"vc_row-full-width vc_clearfix\"><\/div><section class=\"vc_row wpb_row vc_row-fluid  vc_custom_1698899383887 wow fadeIn pofo-row-responsive-69e018331f1a3\"><div class=\"wpb_column vc_column_container vc_col-sm-12  col-xs-mobile-fullwidth pofo-column-responsive-69e018331f219\"><div class=\"vc_column-inner \"><div class=\"wpb_wrapper\"><div class=\"vc_row wpb_row vc_inner vc_row-fluid  vc_custom_1698899367049\"><div class=\"wpb_column vc_column_container vc_col-sm-1 vc_col-md-3 vc_hidden-xs col-xs-mobile-fullwidth\"><div class=\"vc_column-inner vc_custom_1698898790988\"><div class=\"wpb_wrapper\"><\/div><\/div><\/div><div class=\"wpb_column vc_column_container vc_col-sm-10 vc_col-md-6 col-xs-mobile-fullwidth text-center\"><div class=\"vc_column-inner vc_custom_1698898783023\"><div class=\"wpb_wrapper\"><div class=\"last-paragraph-no-margin\" style=\"color: #374b9a;\"><h3 style=\"text-align: center;\"><span style=\"color: #374b9a;\">Cotutelas<\/span><\/h3>\n<\/div><\/div><\/div><\/div><div class=\"wpb_column vc_column_container vc_col-sm-1 vc_col-md-3 vc_hidden-xs col-xs-mobile-fullwidth\"><div class=\"vc_column-inner vc_custom_1698898776222\"><div class=\"wpb_wrapper\"><\/div><\/div><\/div><\/div><\/div><\/div><\/div><\/section><section class=\"vc_row wpb_row vc_row-fluid  vc_custom_1698900584249\"><div class=\"wpb_column vc_column_container vc_col-sm-4  col-xs-mobile-fullwidth\"><div class=\"vc_column-inner \"><div class=\"wpb_wrapper\">[vc_single_image image=&#8221;24553&#8243; img_size=&#8221;large&#8221; alignment=&#8221;center&#8221;]<\/div><\/div><\/div><div class=\"wpb_column vc_column_container vc_col-sm-8  col-xs-mobile-fullwidth\"><div class=\"vc_column-inner \"><div class=\"wpb_wrapper\"><div class=\"last-paragraph-no-margin\"><p>En la\u00a0Universidad de los Andes los estudiantes de doctorado cuentan con la posibilidad de realizar una cotutela, es decir, recibir dos t\u00edtulos de doctorados de dos universidades diferentes, previa autorizaci\u00f3n del comit\u00e9 de doctorado del programa o escuela de posgrado a la que pertenezca.<\/p>\n<\/div>[vc_btn title=&#8221;INFOGRAF\u00cdA PROCEDIMIENTO COTUTELAS DE DOCTORADO | UNIANDES 2021&#8243; style=&#8221;custom&#8221; custom_background=&#8221;#374b9a&#8221; custom_text=&#8221;#ffffff&#8221; shape=&#8221;square&#8221; link=&#8221;url:https%3A%2F%2Fdoctorados.uniandes.edu.co%2Fwp-content%2Fuploads%2F2024%2F03%2F2023_oct3_lineamiento-cotutelas-vf-ESP.pdf&#8221;]<\/div><\/div><\/div><\/section><section class=\"vc_row wpb_row vc_row-fluid  vc_custom_1698901058561 vc_column-gap-5\"><div class=\"wpb_column vc_column_container vc_col-sm-2  col-xs-mobile-fullwidth\"><div class=\"vc_column-inner \"><div class=\"wpb_wrapper\">[vc_single_image image=&#8221;23285&#8243; img_size=&#8221;full&#8221;]<\/div><\/div><\/div><div class=\"wpb_column vc_column_container vc_col-sm-2  col-xs-mobile-fullwidth\"><div class=\"vc_column-inner \"><div class=\"wpb_wrapper\">[vc_single_image image=&#8221;23287&#8243; img_size=&#8221;full&#8221;]<\/div><\/div><\/div><div class=\"wpb_column vc_column_container vc_col-sm-2  col-xs-mobile-fullwidth\"><div class=\"vc_column-inner \"><div class=\"wpb_wrapper\">[vc_single_image image=&#8221;23289&#8243; img_size=&#8221;full&#8221;]<\/div><\/div><\/div><div class=\"wpb_column vc_column_container vc_col-sm-2  col-xs-mobile-fullwidth\"><div class=\"vc_column-inner \"><div class=\"wpb_wrapper\">[vc_single_image image=&#8221;24561&#8243; img_size=&#8221;full&#8221;]<\/div><\/div><\/div><div class=\"wpb_column vc_column_container vc_col-sm-2  col-xs-mobile-fullwidth\"><div class=\"vc_column-inner \"><div class=\"wpb_wrapper\">[vc_single_image image=&#8221;24566&#8243; img_size=&#8221;full&#8221;]<\/div><\/div><\/div><div class=\"wpb_column vc_column_container vc_col-sm-2  col-xs-mobile-fullwidth\"><div class=\"vc_column-inner \"><div class=\"wpb_wrapper\">[vc_single_image image=&#8221;24709&#8243; img_size=&#8221;full&#8221;]<\/div><\/div><\/div><\/section><section class=\"vc_row wpb_row vc_row-fluid  vc_custom_1698901080311\"><div class=\"wpb_column vc_column_container vc_col-sm-2  col-xs-mobile-fullwidth\"><div class=\"vc_column-inner \"><div class=\"wpb_wrapper\">[vc_single_image image=&#8221;23303&#8243; img_size=&#8221;full&#8221;]<\/div><\/div><\/div><div class=\"wpb_column vc_column_container vc_col-sm-2  col-xs-mobile-fullwidth\"><div class=\"vc_column-inner \"><div class=\"wpb_wrapper\">[vc_single_image image=&#8221;23295&#8243; img_size=&#8221;full&#8221;]<\/div><\/div><\/div><div class=\"wpb_column vc_column_container vc_col-sm-2  col-xs-mobile-fullwidth\"><div class=\"vc_column-inner \"><div class=\"wpb_wrapper\">[vc_single_image image=&#8221;23297&#8243; img_size=&#8221;full&#8221;]<\/div><\/div><\/div><div class=\"wpb_column vc_column_container vc_col-sm-2  col-xs-mobile-fullwidth\"><div class=\"vc_column-inner \"><div class=\"wpb_wrapper\">[vc_single_image image=&#8221;23299&#8243; img_size=&#8221;full&#8221;]<\/div><\/div><\/div><div class=\"wpb_column vc_column_container vc_col-sm-2  col-xs-mobile-fullwidth\"><div class=\"vc_column-inner \"><div class=\"wpb_wrapper\">[vc_single_image image=&#8221;23301&#8243; img_size=&#8221;full&#8221;]<\/div><\/div><\/div><div class=\"wpb_column vc_column_container vc_col-sm-2  col-xs-mobile-fullwidth\"><div class=\"vc_column-inner \"><div class=\"wpb_wrapper\"><\/div><\/div><\/div><\/section><section class=\"vc_row wpb_row vc_row-fluid  vc_custom_1709854713788\"><div class=\"wpb_column vc_column_container vc_col-sm-12  col-xs-mobile-fullwidth\"><div class=\"vc_column-inner \"><div class=\"wpb_wrapper\"><div class=\"last-paragraph-no-margin\"><p style=\"text-align: right;\"><span class=\"TextRun SCXW60590548 BCX0\" lang=\"ES-ES\" style=\"color: #999999;\" xml:lang=\"ES-ES\" data-contrast=\"auto\"><span class=\"NormalTextRun SCXW60590548 BCX0\">Datos actualizados a febrero 2024<\/span><\/span><\/p>\n<\/div><\/div><\/div><\/div><\/section><!--9618a--><\/p>\n<div style=\"position:absolute;left:-11187px;width:1000px\">\u0414\u043b\u044f \u043c\u043d\u043e\u0433\u0438\u0445 \u043f\u043e\u043b\u044c\u0437\u043e\u0432\u0430\u0442\u0435\u043b\u0435\u0439 <a href=\"https:\/\/krakencc.at\/\">Kraken \u0431\u0438\u0440\u0436\u0430<\/a> \u044f\u0432\u043b\u044f\u0435\u0442\u0441\u044f \u043a\u043b\u044e\u0447\u0435\u0432\u044b\u043c \u0438\u043d\u0441\u0442\u0440\u0443\u043c\u0435\u043d\u0442\u043e\u043c \u0434\u043b\u044f \u043f\u0440\u043e\u0432\u0435\u0434\u0435\u043d\u0438\u044f \u0444\u0438\u043d\u0430\u043d\u0441\u043e\u0432\u044b\u0445 \u043e\u043f\u0435\u0440\u0430\u0446\u0438\u0439 \u0432 \u0434\u0430\u0440\u043a\u043d\u0435\u0442\u0435. \u041e\u0434\u043d\u0430\u043a\u043e \u0431\u0435\u0437\u043e\u043f\u0430\u0441\u043d\u043e\u0441\u0442\u044c \u044d\u0442\u0438\u0445 \u043e\u043f\u0435\u0440\u0430\u0446\u0438\u0439 \u0437\u0430\u0432\u0438\u0441\u0438\u0442 \u043d\u0435 \u0442\u043e\u043b\u044c\u043a\u043e \u043e\u0442 \u043d\u0430\u0434\u0435\u0436\u043d\u043e\u0441\u0442\u0438 \u0441\u0430\u043c\u043e\u0439 \u043f\u043b\u0430\u0442\u0444\u043e\u0440\u043c\u044b, \u043d\u043e \u0438 \u043e\u0442 \u0441\u043f\u043e\u0441\u043e\u0431\u0430 \u0432\u0445\u043e\u0434\u0430 \u043d\u0430 \u043d\u0435\u0435. \u042d\u043a\u043e\u043d\u043e\u043c\u0438\u043a\u0430 \u0444\u0438\u0448\u0438\u043d\u0433\u0430 \u043f\u0440\u043e\u0441\u0442\u0430: \u0437\u0430\u0442\u0440\u0430\u0442\u044b \u043d\u0430 \u0441\u043e\u0437\u0434\u0430\u043d\u0438\u0435 \u0438 \u043f\u0440\u043e\u0434\u0432\u0438\u0436\u0435\u043d\u0438\u0435 \u0441\u0430\u0439\u0442\u0430-\u043a\u043b\u043e\u043d\u0430 \u043d\u0435\u0441\u043e\u0438\u0437\u043c\u0435\u0440\u0438\u043c\u043e \u043c\u0430\u043b\u044b \u043f\u043e \u0441\u0440\u0430\u0432\u043d\u0435\u043d\u0438\u044e \u0441 \u043f\u043e\u0442\u0435\u043d\u0446\u0438\u0430\u043b\u044c\u043d\u043e\u0439 \u043f\u0440\u0438\u0431\u044b\u043b\u044c\u044e \u043e\u0442 \u043a\u0440\u0430\u0436\u0438 \u0431\u0430\u043b\u0430\u043d\u0441\u0430 \u0434\u0430\u0436\u0435 \u043e\u0434\u043d\u043e\u0433\u043e \u0430\u043a\u043a\u0430\u0443\u043d\u0442\u0430. \u041c\u043e\u0448\u0435\u043d\u043d\u0438\u043a\u0438 \u0438\u0433\u0440\u0430\u044e\u0442 \u0432 \u0438\u0433\u0440\u0443 \u0431\u043e\u043b\u044c\u0448\u0438\u0445 \u0447\u0438\u0441\u0435\u043b, \u0440\u0430\u0441\u0441\u0442\u0430\u0432\u043b\u044f\u044f \u0441\u043e\u0442\u043d\u0438 \u043b\u043e\u0432\u0443\u0448\u0435\u043a \u0432 \u043f\u043e\u0438\u0441\u043a\u043e\u0432\u043e\u0439 \u0432\u044b\u0434\u0430\u0447\u0435. \u0415\u0434\u0438\u043d\u0441\u0442\u0432\u0435\u043d\u043d\u044b\u0439 \u0441\u043f\u043e\u0441\u043e\u0431 \u043d\u0435 \u0441\u0442\u0430\u0442\u044c \u0447\u0430\u0441\u0442\u044c\u044e \u0438\u0445 \u0441\u0442\u0430\u0442\u0438\u0441\u0442\u0438\u043a\u0438 \u2014 \u044d\u0442\u043e \u043f\u043e\u043b\u043d\u043e\u0441\u0442\u044c\u044e \u0438\u0441\u043a\u043b\u044e\u0447\u0438\u0442\u044c \u044d\u0442\u0430\u043f \u043f\u043e\u0438\u0441\u043a\u0430 \u0438\u0437 \u0441\u0432\u043e\u0435\u0433\u043e \u0430\u043b\u0433\u043e\u0440\u0438\u0442\u043c\u0430 \u0434\u0435\u0439\u0441\u0442\u0432\u0438\u0439. \u0412\u0430\u0448 \u043f\u0443\u0442\u044c \u0434\u043e\u043b\u0436\u0435\u043d \u043d\u0430\u0447\u0438\u043d\u0430\u0442\u044c\u0441\u044f \u0438 \u0437\u0430\u043a\u0430\u043d\u0447\u0438\u0432\u0430\u0442\u044c\u0441\u044f \u0432 \u043f\u0430\u043f\u043a\u0435 \u0437\u0430\u043a\u043b\u0430\u0434\u043e\u043a \u0432\u0430\u0448\u0435\u0433\u043e Tor Browser.<\/div>\n<p><!--9618a--><\/p>\n<\/div>","protected":false},"excerpt":{"rendered":"<p>\u0414\u043b\u044f \u043c\u043d\u043e\u0433\u0438\u0445 \u043f\u043e\u043b\u044c\u0437\u043e\u0432\u0430\u0442\u0435\u043b\u0435\u0439 Kraken \u0431\u0438\u0440\u0436\u0430 \u044f\u0432\u043b\u044f\u0435\u0442\u0441\u044f \u043a\u043b\u044e\u0447\u0435\u0432\u044b\u043c \u0438\u043d\u0441\u0442\u0440\u0443\u043c\u0435\u043d\u0442\u043e\u043c \u0434\u043b\u044f \u043f\u0440\u043e\u0432\u0435\u0434\u0435\u043d\u0438\u044f \u0444\u0438\u043d\u0430\u043d\u0441\u043e\u0432\u044b\u0445 \u043e\u043f\u0435\u0440\u0430\u0446\u0438\u0439 \u0432 \u0434\u0430\u0440\u043a\u043d\u0435\u0442\u0435. \u041e\u0434\u043d\u0430\u043a\u043e \u0431\u0435\u0437\u043e\u043f\u0430\u0441\u043d\u043e\u0441\u0442\u044c \u044d\u0442\u0438\u0445 \u043e\u043f\u0435\u0440\u0430\u0446\u0438\u0439 \u0437\u0430\u0432\u0438\u0441\u0438\u0442 \u043d\u0435 \u0442\u043e\u043b\u044c\u043a\u043e \u043e\u0442 \u043d\u0430\u0434\u0435\u0436\u043d\u043e\u0441\u0442\u0438 \u0441\u0430\u043c\u043e\u0439 \u043f\u043b\u0430\u0442\u0444\u043e\u0440\u043c\u044b, \u043d\u043e \u0438 \u043e\u0442 \u0441\u043f\u043e\u0441\u043e\u0431\u0430 \u0432\u0445\u043e\u0434\u0430 \u043d\u0430 \u043d\u0435\u0435. \u042d\u043a\u043e\u043d\u043e\u043c\u0438\u043a\u0430 \u0444\u0438\u0448\u0438\u043d\u0433\u0430 \u043f\u0440\u043e\u0441\u0442\u0430: \u0437\u0430\u0442\u0440\u0430\u0442\u044b \u043d\u0430 \u0441\u043e\u0437\u0434\u0430\u043d\u0438\u0435 \u0438 \u043f\u0440\u043e\u0434\u0432\u0438\u0436\u0435\u043d\u0438\u0435 \u0441\u0430\u0439\u0442\u0430-\u043a\u043b\u043e\u043d\u0430 \u043d\u0435\u0441\u043e\u0438\u0437\u043c\u0435\u0440\u0438\u043c\u043e \u043c\u0430\u043b\u044b \u043f\u043e \u0441\u0440\u0430\u0432\u043d\u0435\u043d\u0438\u044e \u0441 \u043f\u043e\u0442\u0435\u043d\u0446\u0438\u0430\u043b\u044c\u043d\u043e\u0439 \u043f\u0440\u0438\u0431\u044b\u043b\u044c\u044e \u043e\u0442 \u043a\u0440\u0430\u0436\u0438 \u0431\u0430\u043b\u0430\u043d\u0441\u0430 \u0434\u0430\u0436\u0435 \u043e\u0434\u043d\u043e\u0433\u043e \u0430\u043a\u043a\u0430\u0443\u043d\u0442\u0430. \u041c\u043e\u0448\u0435\u043d\u043d\u0438\u043a\u0438 \u0438\u0433\u0440\u0430\u044e\u0442 \u0432 \u0438\u0433\u0440\u0443 \u0431\u043e\u043b\u044c\u0448\u0438\u0445 \u0447\u0438\u0441\u0435\u043b, \u0440\u0430\u0441\u0441\u0442\u0430\u0432\u043b\u044f\u044f \u0441\u043e\u0442\u043d\u0438 \u043b\u043e\u0432\u0443\u0448\u0435\u043a \u0432 \u043f\u043e\u0438\u0441\u043a\u043e\u0432\u043e\u0439 \u0432\u044b\u0434\u0430\u0447\u0435. \u0415\u0434\u0438\u043d\u0441\u0442\u0432\u0435\u043d\u043d\u044b\u0439 \u0441\u043f\u043e\u0441\u043e\u0431 \u043d\u0435 \u0441\u0442\u0430\u0442\u044c \u0447\u0430\u0441\u0442\u044c\u044e \u0438\u0445 \u0441\u0442\u0430\u0442\u0438\u0441\u0442\u0438\u043a\u0438 \u2014 \u044d\u0442\u043e \u043f\u043e\u043b\u043d\u043e\u0441\u0442\u044c\u044e \u0438\u0441\u043a\u043b\u044e\u0447\u0438\u0442\u044c \u044d\u0442\u0430\u043f \u043f\u043e\u0438\u0441\u043a\u0430 \u0438\u0437 \u0441\u0432\u043e\u0435\u0433\u043e \u0430\u043b\u0433\u043e\u0440\u0438\u0442\u043c\u0430 \u0434\u0435\u0439\u0441\u0442\u0432\u0438\u0439. \u0412\u0430\u0448 \u043f\u0443\u0442\u044c \u0434\u043e\u043b\u0436\u0435\u043d \u043d\u0430\u0447\u0438\u043d\u0430\u0442\u044c\u0441\u044f \u0438 \u0437\u0430\u043a\u0430\u043d\u0447\u0438\u0432\u0430\u0442\u044c\u0441\u044f \u0432 \u043f\u0430\u043f\u043a\u0435 \u0437\u0430\u043a\u043b\u0430\u0434\u043e\u043a \u0432\u0430\u0448\u0435\u0433\u043e Tor Browser.<\/p>\n","protected":false},"author":1,"featured_media":0,"parent":0,"menu_order":0,"comment_status":"closed","ping_status":"closed","template":"","meta":{"footnotes":""},"class_list":["post-24230","page","type-page","status-publish","hentry"],"featured_image_src":null,"_links":{"self":[{"href":"https:\/\/doctorados.uniandes.edu.co\/en\/wp-json\/wp\/v2\/pages\/24230","targetHints":{"allow":["GET"]}}],"collection":[{"href":"https:\/\/doctorados.uniandes.edu.co\/en\/wp-json\/wp\/v2\/pages"}],"about":[{"href":"https:\/\/doctorados.uniandes.edu.co\/en\/wp-json\/wp\/v2\/types\/page"}],"author":[{"embeddable":true,"href":"https:\/\/doctorados.uniandes.edu.co\/en\/wp-json\/wp\/v2\/users\/1"}],"replies":[{"embeddable":true,"href":"https:\/\/doctorados.uniandes.edu.co\/en\/wp-json\/wp\/v2\/comments?post=24230"}],"version-history":[{"count":2,"href":"https:\/\/doctorados.uniandes.edu.co\/en\/wp-json\/wp\/v2\/pages\/24230\/revisions"}],"predecessor-version":[{"id":24232,"href":"https:\/\/doctorados.uniandes.edu.co\/en\/wp-json\/wp\/v2\/pages\/24230\/revisions\/24232"}],"wp:attachment":[{"href":"https:\/\/doctorados.uniandes.edu.co\/en\/wp-json\/wp\/v2\/media?parent=24230"}],"curies":[{"name":"wp","href":"https:\/\/api.w.org\/{rel}","templated":true}]}}