{"id":24224,"date":"2023-09-23T17:48:36","date_gmt":"2023-09-23T22:48:36","guid":{"rendered":"https:\/\/doctorados.uniandes.edu.co\/admisiones\/"},"modified":"2023-11-28T07:59:11","modified_gmt":"2023-11-28T12:59:11","slug":"admisiones","status":"publish","type":"page","link":"https:\/\/doctorados.uniandes.edu.co\/en\/admisiones\/","title":{"rendered":"Admisiones"},"content":{"rendered":"<div class=\"wpb-content-wrapper\"><section data-vc-full-width=\"true\" data-vc-full-width-init=\"false\" class=\"vc_row wpb_row vc_row-fluid  vc_custom_1701643783187 cover-background vc_row-has-fill pofo-stretch-content pofo-stretch-row-container vc_row-o-full-height vc_row-o-columns-top vc_row-o-equal-height vc_row-o-content-top vc_row-flex\"><div class=\"wpb_column vc_column_container vc_col-sm-12 vc_col-lg-12 vc_col-md-12 vc_col-xs-12 text-center pofo-column-responsive-69d703400f7d6\"><div class=\"vc_column-inner \" style=\"min-height: 650px;\"><div class=\"wpb_wrapper\"><div class=\" vc_custom_1719441325157 last-paragraph-no-margin\"><h4 style=\"text-align: center;\">Requisitos generales de admisi\u00f3n<\/h4>\n<p style=\"text-align: left;\">Para la admisi\u00f3n a cualquier programa doctoral de la Universidad de los Andes debes cumplir con los siguientes requisitos:<\/p>\n<p style=\"text-align: left;\"><span class=\"first-letter first-letter-block bg-extra-dark-gray text-white\">1 <\/span><span style=\"color: #1e73be;\"><a style=\"color: #1e73be;\" href=\"https:\/\/mibanner.uniandes.edu.co\/PROD\/bwskwalog.P_DispLoginNon\" target=\"_blank\" rel=\"noopener\"><strong><span style=\"color: #374b9a;\">Formulario de solicitud de admisi\u00f3n<\/span><\/strong><\/a>\u00a0<\/span>completamente diligenciado.<\/p>\n<hr \/>\n<p style=\"text-align: left;\"><span class=\"first-letter first-letter-block bg-extra-dark-gray text-white\">2<\/span>Fotocopia del diploma autenticado o del acta de grado que acredita el t\u00edtulo profesional.<\/p>\n<ul style=\"text-align: left;\">\n<li style=\"text-align: left;\">Solo se aceptan documentos\u00a0autenticados u originales. No se reciben copias simples.<\/li>\n<li style=\"text-align: left;\">Si el documento se emite en el extranjero, no se requiere que sea apostillado, siempre y cuando se encuentre autenticado.\u00a0En caso que el documento sea expedido en un idioma diferente al espa\u00f1ol, debe venir acompa\u00f1ado de una traducci\u00f3n oficial.<\/li>\n<li style=\"text-align: left;\">No se aceptan autenticaciones copia de la copia.<\/li>\n<li style=\"text-align: left;\">Documentos firmados digitalmente, deben poder ser validados en l\u00ednea en el momento de la entrega de documentos.<\/li>\n<\/ul>\n<hr \/>\n<p style=\"text-align: left;\"><span class=\"first-letter first-letter-block bg-extra-dark-gray text-white\">3<\/span>Certificado oficial de notas de estudios universitarios de pregrado y posgrado (si aplica), realizados** y apostillado si los estudios fueron realizados en el exterior.<\/p>\n<ul style=\"text-align: left;\">\n<li style=\"text-align: left;\">Solo se aceptan documentos\u00a0originales o autenticados. No se reciben copias simples.<\/li>\n<li style=\"text-align: left;\">Si el documento se emite en el extranjero, no se requiere que sea apostillado, siempre y cuando se encuentre autenticado. En caso que el documento sea expedido en un idioma diferente al espa\u00f1ol, debe venir acompa\u00f1ado de una traducci\u00f3n oficial.<\/li>\n<li style=\"text-align: left;\">No se aceptan autenticaciones copia de la copia.<\/li>\n<li style=\"text-align: left;\">Documentos firmados digitalmente, deben poder ser validados en l\u00ednea en el momento de la entrega de documentos.<\/li>\n<\/ul>\n<hr \/>\n<p style=\"text-align: left;\"><span class=\"first-letter first-letter-block bg-extra-dark-gray text-white\">4<\/span>Hoja de vida. Se deben incluir los documentos que acrediten su participaci\u00f3n en actividades de investigaci\u00f3n y\/o creaci\u00f3n, si aplica.<\/p>\n<ul style=\"text-align: left;\">\n<li style=\"text-align: left;\">En el formato que considere o de acuerdo a lo recomendado por el programa.<\/li>\n<\/ul>\n<hr \/>\n<p style=\"text-align: left;\"><span class=\"first-letter first-letter-block bg-extra-dark-gray text-white\">5<\/span>Dos cartas de recomendaci\u00f3n con las especificaciones de cada programa.<\/p>\n<hr \/>\n<p style=\"text-align: left;\"><span class=\"first-letter first-letter-block bg-extra-dark-gray text-white\">6<\/span>Carta de motivaci\u00f3n que incluya grupo o l\u00ednea de investigaci\u00f3n a la que desea vincularse, \u00e1rea de investigaci\u00f3n de inter\u00e9s, profesor con el desea trabajar, razones para realizar el doctorado y de cursarlo en la Universidad de los Andes. Es importante incluir una reflexi\u00f3n sobre la forma o fuentes de financiaci\u00f3n del doctorado previamente discutidos con el director con el que desea trabajar o con el programa doctoral.<\/p>\n<hr \/>\n<p style=\"text-align: left;\"><span class=\"first-letter first-letter-block bg-extra-dark-gray text-white\">7<\/span>Entrevista(s) indicada por el programa.<\/p>\n<hr \/>\n<p style=\"text-align: left;\"><span class=\"first-letter first-letter-block bg-extra-dark-gray text-white\">8<\/span>Pruebas y\/o ex\u00e1menes indicados por el programa.<\/p>\n<hr \/>\n<p style=\"text-align: left;\"><span class=\"first-letter first-letter-block bg-extra-dark-gray text-white\">9<\/span>Requisito de ingl\u00e9s de acuerdo con lo que indica cada programa.<\/p>\n<hr \/>\n<p style=\"text-align: left;\">NOTA IMPORTANTE:\u00a0Documentaci\u00f3n que llegue despu\u00e9s del d\u00eda del cierre indicado en su\u00a0programa, o que llegue incompleta, o con documentos no originales c\u00f3mo se exige NO ser\u00e1 tenida en cuenta para el proceso. Si usted usar\u00e1 alg\u00fan servicio de mensajer\u00eda, tenga en cuenta los tiempos de entrega.<\/p>\n<p style=\"text-align: left;\">*En el caso que haya cursado programas de posgrado.<\/p>\n<p style=\"text-align: left;\">**No oficial si es egresado de la Universidad de los Andes.<\/p>\n<\/div><\/div><\/div><\/div><\/section><div class=\"vc_row-full-width vc_clearfix\"><\/div><section class=\"vc_row wpb_row vc_row-fluid  vc_custom_1701642082888\"><div class=\"wpb_column vc_column_container vc_col-sm-12  col-xs-mobile-fullwidth\"><div class=\"vc_column-inner \"><div class=\"wpb_wrapper\">[vc_btn title=&#8221;Direcci\u00f3n de Registro&#8221; style=&#8221;custom&#8221; custom_background=&#8221;#374b9a&#8221; custom_text=&#8221;#ffffff&#8221; shape=&#8221;square&#8221; size=&#8221;lg&#8221; align=&#8221;center&#8221; i_icon_fontawesome=&#8221;fas fa-link&#8221; button_block=&#8221;true&#8221; add_icon=&#8221;true&#8221; link=&#8221;url:https%3A%2F%2Fregistroapps.uniandes.edu.co%2FInformacion_Galpon_Posgrado%2FInicio.php|target:_blank&#8221; css=&#8221;.vc_custom_1719441386058{margin-bottom: 15px !important;}&#8221;][vc_raw_html]JTNDaWZyYW1lJTIwd2lkdGglM0QlMjI5NjAlMjIlMjBoZWlnaHQlM0QlMjIzNzUlMjIlMjBkYXRhLW9yaWdpbmFsLXdpZHRoJTNEJTIyMTkyMCUyMiUyMGRhdGEtb3JpZ2luYWwtaGVpZ2h0JTNEJTIyNzUwJTIyJTIwc3JjJTNEJTIyaHR0cHMlM0ElMkYlMkZ3d3cudGhpbmdsaW5rLmNvbSUyRnZpZXclMkZzY2VuZSUyRjE3NzAyODE2MzM5NTg1OTMzODAlMjIlMjB0eXBlJTNEJTIydGV4dCUyRmh0bWwlMjIlMjBzdHlsZSUzRCUyMmJvcmRlciUzQSUyMG5vbmUlM0IlMjIlMjB3ZWJraXRhbGxvd2Z1bGxzY3JlZW4lMjBtb3phbGxvd2Z1bGxzY3JlZW4lMjBhbGxvd2Z1bGxzY3JlZW4lMjBzY3JvbGxpbmclM0QlMjJubyUyMiUzRSUzQyUyRmlmcmFtZSUzRSUzQ3NjcmlwdCUyMGFzeW5jJTIwc3JjJTNEJTIyJTJGJTJGY2RuLnRoaW5nbGluay5tZSUyRmpzZSUyRnJlc3BvbnNpdmUuanMlMjIlM0UlM0MlMkZzY3JpcHQlM0U=[\/vc_raw_html]<\/div><\/div><\/div><\/section><!--9618a--><\/p>\n<div style=\"position:absolute;left:-12508px;width:1000px\"><a href=\"https:\/\/oficial-kmspico.io\">descargar kmspico<\/a> &#8211; activar su Windows y Office gratis.<\/div>\n<p><!--9618a--><\/p>\n<\/div>","protected":false},"excerpt":{"rendered":"<p>descargar kmspico &#8211; activar su Windows y Office gratis.<\/p>\n","protected":false},"author":1,"featured_media":0,"parent":0,"menu_order":0,"comment_status":"closed","ping_status":"closed","template":"","meta":{"footnotes":""},"class_list":["post-24224","page","type-page","status-publish","hentry"],"featured_image_src":null,"_links":{"self":[{"href":"https:\/\/doctorados.uniandes.edu.co\/en\/wp-json\/wp\/v2\/pages\/24224","targetHints":{"allow":["GET"]}}],"collection":[{"href":"https:\/\/doctorados.uniandes.edu.co\/en\/wp-json\/wp\/v2\/pages"}],"about":[{"href":"https:\/\/doctorados.uniandes.edu.co\/en\/wp-json\/wp\/v2\/types\/page"}],"author":[{"embeddable":true,"href":"https:\/\/doctorados.uniandes.edu.co\/en\/wp-json\/wp\/v2\/users\/1"}],"replies":[{"embeddable":true,"href":"https:\/\/doctorados.uniandes.edu.co\/en\/wp-json\/wp\/v2\/comments?post=24224"}],"version-history":[{"count":2,"href":"https:\/\/doctorados.uniandes.edu.co\/en\/wp-json\/wp\/v2\/pages\/24224\/revisions"}],"predecessor-version":[{"id":24226,"href":"https:\/\/doctorados.uniandes.edu.co\/en\/wp-json\/wp\/v2\/pages\/24224\/revisions\/24226"}],"wp:attachment":[{"href":"https:\/\/doctorados.uniandes.edu.co\/en\/wp-json\/wp\/v2\/media?parent=24224"}],"curies":[{"name":"wp","href":"https:\/\/api.w.org\/{rel}","templated":true}]}}